{"id":1128,"date":"2022-06-16T12:01:01","date_gmt":"2022-06-16T09:01:01","guid":{"rendered":"https:\/\/www.atasayanlar.com.tr\/?page_id=1128"},"modified":"2022-06-16T12:03:33","modified_gmt":"2022-06-16T09:03:33","slug":"atasayanlar-2","status":"publish","type":"page","link":"https:\/\/www.atasayanlar.com.tr\/index.php\/atasayanlar-2\/","title":{"rendered":"Atasayanlar 2"},"content":{"rendered":"\t\t<div data-elementor-type=\"wp-page\" data-elementor-id=\"1128\" class=\"elementor elementor-1128\" data-elementor-post-type=\"page\">\n\t\t\t\t\t\t\t\t\t<section class=\"elementor-section elementor-top-section elementor-element elementor-element-4ff4395f elementor-section-height-min-height elementor-section-boxed elementor-section-height-default elementor-section-items-middle\" data-id=\"4ff4395f\" data-element_type=\"section\" data-settings=\"{&quot;background_background&quot;:&quot;classic&quot;}\">\n\t\t\t\t\t\t\t<div class=\"elementor-background-overlay\"><\/div>\n\t\t\t\t\t\t\t<div class=\"elementor-container elementor-column-gap-wider\">\n\t\t\t\t\t<div class=\"elementor-column elementor-col-100 elementor-top-column elementor-element elementor-element-656e333a\" data-id=\"656e333a\" data-element_type=\"column\">\n\t\t\t<div class=\"elementor-widget-wrap elementor-element-populated\">\n\t\t\t\t\t\t\t\t<div class=\"elementor-element elementor-element-6b5a3d0 de_scroll_animation_no elementor-widget elementor-widget-dt-post-title\" data-id=\"6b5a3d0\" data-element_type=\"widget\" data-widget_type=\"dt-post-title.default\">\n\t\t\t\t<div class=\"elementor-widget-container\">\n\t\t\t<h2 class=\"dt-post-title \">Atasayanlar 2<\/h2>\t\t<\/div>\n\t\t\t\t<\/div>\n\t\t\t\t\t<\/div>\n\t\t<\/div>\n\t\t\t\t\t\t\t<\/div>\n\t\t<\/section>\n\t\t\t\t<section class=\"elementor-section elementor-top-section elementor-element elementor-element-41a62e4 elementor-section-boxed elementor-section-height-default elementor-section-height-default\" data-id=\"41a62e4\" data-element_type=\"section\">\n\t\t\t\t\t\t<div class=\"elementor-container elementor-column-gap-wider\">\n\t\t\t\t\t<div class=\"elementor-column elementor-col-50 elementor-top-column elementor-element elementor-element-6500d6d\" data-id=\"6500d6d\" data-element_type=\"column\">\n\t\t\t<div class=\"elementor-widget-wrap elementor-element-populated\">\n\t\t\t\t\t\t\t\t<div class=\"elementor-element elementor-element-0b9c405 de_scroll_animation_no elementor-widget elementor-widget-icon-box\" data-id=\"0b9c405\" data-element_type=\"widget\" data-widget_type=\"icon-box.default\">\n\t\t\t\t<div class=\"elementor-widget-container\">\n\t\t\t\t\t<div class=\"elementor-icon-box-wrapper\">\n\t\t\t\t\t\t<div class=\"elementor-icon-box-content\">\n\t\t\t\t<h6 class=\"elementor-icon-box-title\">\n\t\t\t\t\t<span  >\n\t\t\t\t\t\tProject\t\t\t\t\t<\/span>\n\t\t\t\t<\/h6>\n\t\t\t\t\t\t\t\t\t<p class=\"elementor-icon-box-description\">\n\t\t\t\t\t\tAtasayanlar 2\t\t\t\t\t<\/p>\n\t\t\t\t\t\t\t<\/div>\n\t\t<\/div>\n\t\t\t\t<\/div>\n\t\t\t\t<\/div>\n\t\t\t\t\t<\/div>\n\t\t<\/div>\n\t\t\t\t<div class=\"elementor-column elementor-col-50 elementor-top-column elementor-element elementor-element-99a2d3e\" data-id=\"99a2d3e\" data-element_type=\"column\">\n\t\t\t<div class=\"elementor-widget-wrap elementor-element-populated\">\n\t\t\t\t\t\t\t\t<div class=\"elementor-element elementor-element-9ccbfa1 de_scroll_animation_no elementor-widget elementor-widget-heading\" data-id=\"9ccbfa1\" data-element_type=\"widget\" data-widget_type=\"heading.default\">\n\t\t\t\t<div class=\"elementor-widget-container\">\n\t\t\t<h6 class=\"elementor-heading-title elementor-size-default\">about the project<\/h6>\t\t<\/div>\n\t\t\t\t<\/div>\n\t\t\t\t<div class=\"elementor-element elementor-element-4b4b9e9 de_scroll_animation_no elementor-widget elementor-widget-text-editor\" data-id=\"4b4b9e9\" data-element_type=\"widget\" data-widget_type=\"text-editor.default\">\n\t\t\t\t<div class=\"elementor-widget-container\">\n\t\t\t\t\t\t\t<p>Se\u00e7kin Atasayanlar 2 had been constructed in Ankara Eryaman, starting in 2002. This Atasayanlar Project consists of 120 residences 3+1 type flats allocated to 3 blocks, and stands out with its security, wide landscape and social space.<\/p>\t\t\t\t\t\t<\/div>\n\t\t\t\t<\/div>\n\t\t\t\t\t<\/div>\n\t\t<\/div>\n\t\t\t\t\t\t\t<\/div>\n\t\t<\/section>\n\t\t\t\t<section class=\"elementor-section elementor-top-section elementor-element elementor-element-3566aa34 elementor-section-boxed elementor-section-height-default elementor-section-height-default\" data-id=\"3566aa34\" data-element_type=\"section\">\n\t\t\t\t\t\t<div class=\"elementor-container elementor-column-gap-wider\">\n\t\t\t\t\t<div class=\"elementor-column elementor-col-100 elementor-top-column elementor-element elementor-element-e219534\" data-id=\"e219534\" data-element_type=\"column\">\n\t\t\t<div class=\"elementor-widget-wrap elementor-element-populated\">\n\t\t\t\t\t\t\t\t<div class=\"elementor-element elementor-element-a86eb4b elementor-widget__width-auto elementor-absolute de_scroll_animation_no elementor-widget elementor-widget-heading\" data-id=\"a86eb4b\" data-element_type=\"widget\" data-settings=\"{&quot;_position&quot;:&quot;absolute&quot;}\" data-widget_type=\"heading.default\">\n\t\t\t\t<div class=\"elementor-widget-container\">\n\t\t\t<div class=\"elementor-heading-title elementor-size-default\">Atasayanlar 2<\/div>\t\t<\/div>\n\t\t\t\t<\/div>\n\t\t\t\t<div class=\"elementor-element elementor-element-28de3416 elementor-widget__width-initial elementor-absolute de_scroll_animation_no elementor-widget elementor-widget-spacer\" data-id=\"28de3416\" data-element_type=\"widget\" data-settings=\"{&quot;_position&quot;:&quot;absolute&quot;}\" data-widget_type=\"spacer.default\">\n\t\t\t\t<div class=\"elementor-widget-container\">\n\t\t\t\t\t<div class=\"elementor-spacer\">\n\t\t\t<div class=\"elementor-spacer-inner\"><\/div>\n\t\t<\/div>\n\t\t\t\t<\/div>\n\t\t\t\t<\/div>\n\t\t\t\t\t<\/div>\n\t\t<\/div>\n\t\t\t\t\t\t\t<\/div>\n\t\t<\/section>\n\t\t\t\t<section class=\"elementor-section elementor-top-section elementor-element elementor-element-6b48e8d elementor-section-full_width elementor-section-height-default elementor-section-height-default\" data-id=\"6b48e8d\" data-element_type=\"section\">\n\t\t\t\t\t\t<div class=\"elementor-container elementor-column-gap-no\">\n\t\t\t\t\t<div class=\"elementor-column elementor-col-100 elementor-top-column elementor-element elementor-element-2c1caa1\" data-id=\"2c1caa1\" data-element_type=\"column\">\n\t\t\t<div class=\"elementor-widget-wrap elementor-element-populated\">\n\t\t\t\t\t\t\t\t<section class=\"elementor-section elementor-inner-section elementor-element elementor-element-e3724b4 elementor-section-boxed elementor-section-height-default elementor-section-height-default\" data-id=\"e3724b4\" data-element_type=\"section\">\n\t\t\t\t\t\t<div class=\"elementor-container elementor-column-gap-wider\">\n\t\t\t\t\t<div class=\"elementor-column elementor-col-33 elementor-inner-column elementor-element elementor-element-0c5c7d8\" data-id=\"0c5c7d8\" data-element_type=\"column\">\n\t\t\t<div class=\"elementor-widget-wrap elementor-element-populated\">\n\t\t\t\t\t\t\t\t<div class=\"elementor-element elementor-element-611c091 animated-fast de_scroll_animation_no elementor-invisible elementor-widget elementor-widget-heading\" data-id=\"611c091\" data-element_type=\"widget\" data-settings=\"{&quot;_animation&quot;:&quot;fadeInUp&quot;,&quot;_animation_delay&quot;:450}\" data-widget_type=\"heading.default\">\n\t\t\t\t<div class=\"elementor-widget-container\">\n\t\t\t<div class=\"elementor-heading-title elementor-size-default\">Everything is designed for you<\/div>\t\t<\/div>\n\t\t\t\t<\/div>\n\t\t\t\t<div class=\"elementor-element elementor-element-2915b88 de_scroll_animation_no elementor-invisible elementor-widget elementor-widget-heading\" data-id=\"2915b88\" data-element_type=\"widget\" data-settings=\"{&quot;_animation&quot;:&quot;fadeInUp&quot;}\" data-widget_type=\"heading.default\">\n\t\t\t\t<div class=\"elementor-widget-container\">\n\t\t\t<h2 class=\"elementor-heading-title elementor-size-default\">Innovative solution in architecture.<\/h2>\t\t<\/div>\n\t\t\t\t<\/div>\n\t\t\t\t<div class=\"elementor-element elementor-element-33e0b6f animated-fast elementor-widget-divider--view-line de_scroll_animation_no elementor-invisible elementor-widget elementor-widget-divider\" data-id=\"33e0b6f\" data-element_type=\"widget\" data-settings=\"{&quot;_animation&quot;:&quot;fadeInDown&quot;,&quot;_animation_delay&quot;:800}\" data-widget_type=\"divider.default\">\n\t\t\t\t<div class=\"elementor-widget-container\">\n\t\t\t\t\t<div class=\"elementor-divider\">\n\t\t\t<span class=\"elementor-divider-separator\">\n\t\t\t\t\t\t<\/span>\n\t\t<\/div>\n\t\t\t\t<\/div>\n\t\t\t\t<\/div>\n\t\t\t\t\t<\/div>\n\t\t<\/div>\n\t\t\t\t<div class=\"elementor-column elementor-col-33 elementor-inner-column elementor-element elementor-element-32a44e5 elementor-hidden-tablet elementor-hidden-phone\" data-id=\"32a44e5\" data-element_type=\"column\">\n\t\t\t<div class=\"elementor-widget-wrap\">\n\t\t\t\t\t\t\t\t\t<\/div>\n\t\t<\/div>\n\t\t\t\t<div class=\"elementor-column elementor-col-33 elementor-inner-column elementor-element elementor-element-ce3d5d9\" data-id=\"ce3d5d9\" data-element_type=\"column\">\n\t\t\t<div class=\"elementor-widget-wrap\">\n\t\t\t\t\t\t\t\t\t<\/div>\n\t\t<\/div>\n\t\t\t\t\t\t\t<\/div>\n\t\t<\/section>\n\t\t\t\t\t<\/div>\n\t\t<\/div>\n\t\t\t\t\t\t\t<\/div>\n\t\t<\/section>\n\t\t\t\t<section class=\"elementor-section elementor-top-section elementor-element elementor-element-beb3618 elementor-section-boxed elementor-section-height-default elementor-section-height-default\" data-id=\"beb3618\" data-element_type=\"section\" data-settings=\"{&quot;background_background&quot;:&quot;classic&quot;}\">\n\t\t\t\t\t\t<div class=\"elementor-container elementor-column-gap-wider\">\n\t\t\t\t\t<div class=\"elementor-column elementor-col-33 elementor-top-column elementor-element elementor-element-919a0b3\" data-id=\"919a0b3\" data-element_type=\"column\">\n\t\t\t<div class=\"elementor-widget-wrap\">\n\t\t\t\t\t\t\t\t\t<\/div>\n\t\t<\/div>\n\t\t\t\t<div class=\"elementor-column elementor-col-33 elementor-top-column elementor-element elementor-element-9c68116\" data-id=\"9c68116\" data-element_type=\"column\">\n\t\t\t<div class=\"elementor-widget-wrap elementor-element-populated\">\n\t\t\t\t\t\t\t\t<div class=\"elementor-element elementor-element-1ccbbc2 de_scroll_animation_no elementor-widget elementor-widget-heading\" data-id=\"1ccbbc2\" data-element_type=\"widget\" data-widget_type=\"heading.default\">\n\t\t\t\t<div class=\"elementor-widget-container\">\n\t\t\t<h2 class=\"elementor-heading-title elementor-size-default\">Contact us<\/h2>\t\t<\/div>\n\t\t\t\t<\/div>\n\t\t\t\t<div class=\"elementor-element elementor-element-ec43d2d de_scroll_animation_no elementor-widget elementor-widget-text-editor\" data-id=\"ec43d2d\" data-element_type=\"widget\" data-widget_type=\"text-editor.default\">\n\t\t\t\t<div class=\"elementor-widget-container\">\n\t\t\t\t\t\t\t<p>You can contact us at the link below<\/p>\t\t\t\t\t\t<\/div>\n\t\t\t\t<\/div>\n\t\t\t\t<div class=\"elementor-element elementor-element-ba43929 elementor-align-center de_scroll_animation_no elementor-widget elementor-widget-button\" data-id=\"ba43929\" data-element_type=\"widget\" data-widget_type=\"button.default\">\n\t\t\t\t<div class=\"elementor-widget-container\">\n\t\t\t\t\t<div class=\"elementor-button-wrapper\">\n\t\t\t<a class=\"elementor-button elementor-button-link elementor-size-sm\" href=\"https:\/\/www.atasayanlar.com.tr\/index.php\/iletisim\/\">\n\t\t\t\t\t\t<span class=\"elementor-button-content-wrapper\">\n\t\t\t\t\t\t<span class=\"elementor-button-text\">Contact<\/span>\n\t\t<\/span>\n\t\t\t\t\t<\/a>\n\t\t<\/div>\n\t\t\t\t<\/div>\n\t\t\t\t<\/div>\n\t\t\t\t\t<\/div>\n\t\t<\/div>\n\t\t\t\t<div class=\"elementor-column elementor-col-33 elementor-top-column elementor-element elementor-element-7d017a5\" data-id=\"7d017a5\" data-element_type=\"column\">\n\t\t\t<div class=\"elementor-widget-wrap\">\n\t\t\t\t\t\t\t\t\t<\/div>\n\t\t<\/div>\n\t\t\t\t\t\t\t<\/div>\n\t\t<\/section>\n\t\t\t\t\t\t\t<\/div>\n\t\t","protected":false},"excerpt":{"rendered":"<p>Atasayanlar 2 Project Atasayanlar 2 about the project Se\u00e7kin Atasayanlar 2 had been constructed in Ankara Eryaman, starting in 2002. This Atasayanlar Project consists of 120 residences 3+1 type flats allocated to 3 blocks, and stands out with its security, wide landscape and social space. Atasayanlar 2 Everything is designed for you Innovative solution in [&hellip;]<\/p>\n","protected":false},"author":1,"featured_media":0,"parent":0,"menu_order":0,"comment_status":"closed","ping_status":"closed","template":"elementor_header_footer","meta":{"footnotes":""},"class_list":["post-1128","page","type-page","status-publish","hentry","entry"],"yoast_head":"<!-- This site is optimized with the Yoast SEO plugin v23.4 - https:\/\/yoast.com\/wordpress\/plugins\/seo\/ -->\n<title>Atasayanlar 2 - Atasayanlar<\/title>\n<meta name=\"robots\" content=\"index, follow, max-snippet:-1, max-image-preview:large, max-video-preview:-1\" \/>\n<link rel=\"canonical\" href=\"https:\/\/www.atasayanlar.com.tr\/index.php\/atasayanlar-2\/\" \/>\n<meta property=\"og:locale\" content=\"tr_TR\" \/>\n<meta property=\"og:type\" content=\"article\" \/>\n<meta property=\"og:title\" content=\"Atasayanlar 2 - Atasayanlar\" \/>\n<meta property=\"og:description\" content=\"Atasayanlar 2 Project Atasayanlar 2 about the project Se\u00e7kin Atasayanlar 2 had been constructed in Ankara Eryaman, starting in 2002. This Atasayanlar Project consists of 120 residences 3+1 type flats allocated to 3 blocks, and stands out with its security, wide landscape and social space. Atasayanlar 2 Everything is designed for you Innovative solution in [&hellip;]\" \/>\n<meta property=\"og:url\" content=\"https:\/\/www.atasayanlar.com.tr\/index.php\/atasayanlar-2\/\" \/>\n<meta property=\"og:site_name\" content=\"Atasayanlar\" \/>\n<meta property=\"article:modified_time\" content=\"2022-06-16T09:03:33+00:00\" \/>\n<meta name=\"twitter:card\" content=\"summary_large_image\" \/>\n<script type=\"application\/ld+json\" class=\"yoast-schema-graph\">{\"@context\":\"https:\/\/schema.org\",\"@graph\":[{\"@type\":\"WebPage\",\"@id\":\"https:\/\/www.atasayanlar.com.tr\/index.php\/atasayanlar-2\/\",\"url\":\"https:\/\/www.atasayanlar.com.tr\/index.php\/atasayanlar-2\/\",\"name\":\"Atasayanlar 2 - Atasayanlar\",\"isPartOf\":{\"@id\":\"https:\/\/www.atasayanlar.com.tr\/#website\"},\"datePublished\":\"2022-06-16T09:01:01+00:00\",\"dateModified\":\"2022-06-16T09:03:33+00:00\",\"breadcrumb\":{\"@id\":\"https:\/\/www.atasayanlar.com.tr\/index.php\/atasayanlar-2\/#breadcrumb\"},\"inLanguage\":\"tr\",\"potentialAction\":[{\"@type\":\"ReadAction\",\"target\":[\"https:\/\/www.atasayanlar.com.tr\/index.php\/atasayanlar-2\/\"]}]},{\"@type\":\"BreadcrumbList\",\"@id\":\"https:\/\/www.atasayanlar.com.tr\/index.php\/atasayanlar-2\/#breadcrumb\",\"itemListElement\":[{\"@type\":\"ListItem\",\"position\":1,\"name\":\"Anasayfa\",\"item\":\"https:\/\/www.atasayanlar.com.tr\/\"},{\"@type\":\"ListItem\",\"position\":2,\"name\":\"Atasayanlar 2\"}]},{\"@type\":\"WebSite\",\"@id\":\"https:\/\/www.atasayanlar.com.tr\/#website\",\"url\":\"https:\/\/www.atasayanlar.com.tr\/\",\"name\":\"Atasayanlar\",\"description\":\"Y\u00fcksek Kaliteli Ya\u015fam Alanlar\u0131\",\"publisher\":{\"@id\":\"https:\/\/www.atasayanlar.com.tr\/#organization\"},\"potentialAction\":[{\"@type\":\"SearchAction\",\"target\":{\"@type\":\"EntryPoint\",\"urlTemplate\":\"https:\/\/www.atasayanlar.com.tr\/?s={search_term_string}\"},\"query-input\":{\"@type\":\"PropertyValueSpecification\",\"valueRequired\":true,\"valueName\":\"search_term_string\"}}],\"inLanguage\":\"tr\"},{\"@type\":\"Organization\",\"@id\":\"https:\/\/www.atasayanlar.com.tr\/#organization\",\"name\":\"Atasayanlar\",\"url\":\"https:\/\/www.atasayanlar.com.tr\/\",\"logo\":{\"@type\":\"ImageObject\",\"inLanguage\":\"tr\",\"@id\":\"https:\/\/www.atasayanlar.com.tr\/#\/schema\/logo\/image\/\",\"url\":\"https:\/\/www.atasayanlar.com.tr\/wp-content\/uploads\/2021\/05\/cropped-Untitled-1-1.png\",\"contentUrl\":\"https:\/\/www.atasayanlar.com.tr\/wp-content\/uploads\/2021\/05\/cropped-Untitled-1-1.png\",\"width\":483,\"height\":300,\"caption\":\"Atasayanlar\"},\"image\":{\"@id\":\"https:\/\/www.atasayanlar.com.tr\/#\/schema\/logo\/image\/\"}}]}<\/script>\n<!-- \/ Yoast SEO plugin. -->","yoast_head_json":{"title":"Atasayanlar 2 - Atasayanlar","robots":{"index":"index","follow":"follow","max-snippet":"max-snippet:-1","max-image-preview":"max-image-preview:large","max-video-preview":"max-video-preview:-1"},"canonical":"https:\/\/www.atasayanlar.com.tr\/index.php\/atasayanlar-2\/","og_locale":"tr_TR","og_type":"article","og_title":"Atasayanlar 2 - Atasayanlar","og_description":"Atasayanlar 2 Project Atasayanlar 2 about the project Se\u00e7kin Atasayanlar 2 had been constructed in Ankara Eryaman, starting in 2002. This Atasayanlar Project consists of 120 residences 3+1 type flats allocated to 3 blocks, and stands out with its security, wide landscape and social space. Atasayanlar 2 Everything is designed for you Innovative solution in [&hellip;]","og_url":"https:\/\/www.atasayanlar.com.tr\/index.php\/atasayanlar-2\/","og_site_name":"Atasayanlar","article_modified_time":"2022-06-16T09:03:33+00:00","twitter_card":"summary_large_image","schema":{"@context":"https:\/\/schema.org","@graph":[{"@type":"WebPage","@id":"https:\/\/www.atasayanlar.com.tr\/index.php\/atasayanlar-2\/","url":"https:\/\/www.atasayanlar.com.tr\/index.php\/atasayanlar-2\/","name":"Atasayanlar 2 - Atasayanlar","isPartOf":{"@id":"https:\/\/www.atasayanlar.com.tr\/#website"},"datePublished":"2022-06-16T09:01:01+00:00","dateModified":"2022-06-16T09:03:33+00:00","breadcrumb":{"@id":"https:\/\/www.atasayanlar.com.tr\/index.php\/atasayanlar-2\/#breadcrumb"},"inLanguage":"tr","potentialAction":[{"@type":"ReadAction","target":["https:\/\/www.atasayanlar.com.tr\/index.php\/atasayanlar-2\/"]}]},{"@type":"BreadcrumbList","@id":"https:\/\/www.atasayanlar.com.tr\/index.php\/atasayanlar-2\/#breadcrumb","itemListElement":[{"@type":"ListItem","position":1,"name":"Anasayfa","item":"https:\/\/www.atasayanlar.com.tr\/"},{"@type":"ListItem","position":2,"name":"Atasayanlar 2"}]},{"@type":"WebSite","@id":"https:\/\/www.atasayanlar.com.tr\/#website","url":"https:\/\/www.atasayanlar.com.tr\/","name":"Atasayanlar","description":"Y\u00fcksek Kaliteli Ya\u015fam Alanlar\u0131","publisher":{"@id":"https:\/\/www.atasayanlar.com.tr\/#organization"},"potentialAction":[{"@type":"SearchAction","target":{"@type":"EntryPoint","urlTemplate":"https:\/\/www.atasayanlar.com.tr\/?s={search_term_string}"},"query-input":{"@type":"PropertyValueSpecification","valueRequired":true,"valueName":"search_term_string"}}],"inLanguage":"tr"},{"@type":"Organization","@id":"https:\/\/www.atasayanlar.com.tr\/#organization","name":"Atasayanlar","url":"https:\/\/www.atasayanlar.com.tr\/","logo":{"@type":"ImageObject","inLanguage":"tr","@id":"https:\/\/www.atasayanlar.com.tr\/#\/schema\/logo\/image\/","url":"https:\/\/www.atasayanlar.com.tr\/wp-content\/uploads\/2021\/05\/cropped-Untitled-1-1.png","contentUrl":"https:\/\/www.atasayanlar.com.tr\/wp-content\/uploads\/2021\/05\/cropped-Untitled-1-1.png","width":483,"height":300,"caption":"Atasayanlar"},"image":{"@id":"https:\/\/www.atasayanlar.com.tr\/#\/schema\/logo\/image\/"}}]}},"_links":{"self":[{"href":"https:\/\/www.atasayanlar.com.tr\/index.php\/wp-json\/wp\/v2\/pages\/1128","targetHints":{"allow":["GET"]}}],"collection":[{"href":"https:\/\/www.atasayanlar.com.tr\/index.php\/wp-json\/wp\/v2\/pages"}],"about":[{"href":"https:\/\/www.atasayanlar.com.tr\/index.php\/wp-json\/wp\/v2\/types\/page"}],"author":[{"embeddable":true,"href":"https:\/\/www.atasayanlar.com.tr\/index.php\/wp-json\/wp\/v2\/users\/1"}],"replies":[{"embeddable":true,"href":"https:\/\/www.atasayanlar.com.tr\/index.php\/wp-json\/wp\/v2\/comments?post=1128"}],"version-history":[{"count":0,"href":"https:\/\/www.atasayanlar.com.tr\/index.php\/wp-json\/wp\/v2\/pages\/1128\/revisions"}],"wp:attachment":[{"href":"https:\/\/www.atasayanlar.com.tr\/index.php\/wp-json\/wp\/v2\/media?parent=1128"}],"curies":[{"name":"wp","href":"https:\/\/api.w.org\/{rel}","templated":true}]}}